{"id":1006,"date":"2021-08-17T09:27:07","date_gmt":"2021-08-17T08:27:07","guid":{"rendered":"http:\/\/www.oeko-gruppe-laupen.ch\/?page_id=1006"},"modified":"2025-03-01T09:35:35","modified_gmt":"2025-03-01T08:35:35","slug":"aktuell","status":"publish","type":"page","link":"https:\/\/www.oeko-gruppe-laupen.ch\/?page_id=1006","title":{"rendered":"Aktuell"},"content":{"rendered":"\n<h2 class=\"wp-block-heading\">Gr\u00fcner Wasserstoff &#8211; Besichtigung Schiffenen-Staumauer<\/h2>\n\n\n\n<p>Wir besuchen die zukunftsgerichtete Wasserstoff-Produktion H2 Schiffenen sowie das Wasserkraftwerk am<\/p>\n\n\n\n<p><strong>Samstag, 15. M\u00e4rz 2025, 10 \u2013 ca. 12 Uhr<\/strong><\/p>\n\n\n\n<p>beim Kraftwerk unterhalb der Schiffenen-Staumauer. F\u00fchrung durch Laurent Ducrest, Verantwortlicher thermische Produktion &#038; Umwelt. Im Anschluss offerieren wir einen kleinen Ap\u00e9ro.<\/p>\n\n\n\n<h3 class=\"wp-block-heading\">Ein Pionierprojekt<\/h3>\n\n\n\n<p>Das Projekt der Wasserstoff-Produktionsanlage Schiffenen ist das erste seiner Art in der Westschweiz. Dank solcher Anlagen wird sich mittelfristig die anfallende \u00dcberschussenergie als Wasserstoff H2 speichern lassen. H2 aus erneuerbarer Quelle ist eine M\u00f6glichkeit, gr\u00fcnen Strom zu speichern sowie energieintensive Industrieprozesse ohne fossile Energien zu erm\u00f6glichen.<\/p>\n\n\n\n<p>Wir bitten um Anmeldung bis Donnerstag, 13. M\u00e4rz<br>an info -\u00e4t- oeko-gruppe-laupen.ch<br>oder U. Balmer 079 657 19 47<br>(Anzahl Teilnehmende beschr\u00e4nkt)<\/p>\n\n\n\n<p><a href=\"https:\/\/www.oeko-gruppe-laupen.ch\/wrtdrck\/wp-content\/uploads\/2025\/03\/BesuchH2Schiffenen15.3.pdf\" data-type=\"attachment\" data-id=\"1390\">Download Flyer<\/a><\/p>\n\n\n\n<p><\/p>\n","protected":false},"excerpt":{"rendered":"<p>Gr\u00fcner Wasserstoff &#8211; Besichtigung Schiffenen-Staumauer Wir besuchen die zukunftsgerichtete Wasserstoff-Produktion H2 Schiffenen sowie das Wasserkraftwerk am Samstag, 15. M\u00e4rz 2025, 10 \u2013 ca. 12 Uhr beim Kraftwerk unterhalb der Schiffenen-Staumauer. F\u00fchrung durch Laurent Ducrest, Verantwortlicher thermische Produktion &#038; Umwelt. Im Anschluss offerieren wir einen kleinen Ap\u00e9ro. Ein Pionierprojekt Das Projekt [&hellip;]<\/p>\n","protected":false},"author":2,"featured_media":0,"parent":0,"menu_order":0,"comment_status":"closed","ping_status":"closed","template":"","meta":{"footnotes":""},"categories":[26],"tags":[],"class_list":["post-1006","page","type-page","status-publish","hentry","category-verein"],"_links":{"self":[{"href":"https:\/\/www.oeko-gruppe-laupen.ch\/index.php?rest_route=\/wp\/v2\/pages\/1006","targetHints":{"allow":["GET"]}}],"collection":[{"href":"https:\/\/www.oeko-gruppe-laupen.ch\/index.php?rest_route=\/wp\/v2\/pages"}],"about":[{"href":"https:\/\/www.oeko-gruppe-laupen.ch\/index.php?rest_route=\/wp\/v2\/types\/page"}],"author":[{"embeddable":true,"href":"https:\/\/www.oeko-gruppe-laupen.ch\/index.php?rest_route=\/wp\/v2\/users\/2"}],"replies":[{"embeddable":true,"href":"https:\/\/www.oeko-gruppe-laupen.ch\/index.php?rest_route=%2Fwp%2Fv2%2Fcomments&post=1006"}],"version-history":[{"count":8,"href":"https:\/\/www.oeko-gruppe-laupen.ch\/index.php?rest_route=\/wp\/v2\/pages\/1006\/revisions"}],"predecessor-version":[{"id":1394,"href":"https:\/\/www.oeko-gruppe-laupen.ch\/index.php?rest_route=\/wp\/v2\/pages\/1006\/revisions\/1394"}],"wp:attachment":[{"href":"https:\/\/www.oeko-gruppe-laupen.ch\/index.php?rest_route=%2Fwp%2Fv2%2Fmedia&parent=1006"}],"wp:term":[{"taxonomy":"category","embeddable":true,"href":"https:\/\/www.oeko-gruppe-laupen.ch\/index.php?rest_route=%2Fwp%2Fv2%2Fcategories&post=1006"},{"taxonomy":"post_tag","embeddable":true,"href":"https:\/\/www.oeko-gruppe-laupen.ch\/index.php?rest_route=%2Fwp%2Fv2%2Ftags&post=1006"}],"curies":[{"name":"wp","href":"https:\/\/api.w.org\/{rel}","templated":true}]}}