{"id":45,"date":"2011-01-24T10:45:41","date_gmt":"2011-01-24T09:45:41","guid":{"rendered":"http:\/\/www.oeko-gruppe-laupen.ch.asdfg.nine.ch\/wordpress\/?page_id=45"},"modified":"2021-11-02T16:50:33","modified_gmt":"2021-11-02T15:50:33","slug":"statuten","status":"publish","type":"page","link":"https:\/\/www.oeko-gruppe-laupen.ch\/?page_id=45","title":{"rendered":"Statuten"},"content":{"rendered":"<h4><strong>Art.1 \u00a0 \u00a0 \u00a0 \u00a0 \u00a0 Name, Ort, Zweck<\/strong><\/h4>\n<p>Unter dem Namen \u201e\u00d6kogruppe Laupen und Umgebung\u201c besteht im Amt Laupen auf unbestimmte Zeit ein Verein nach ZGB. Die \u00d6kogruppe beurteilt das politische und wirtschaftliche Geschehen nach der Frage, ob dieses der Umwelt gerecht wird. Die F\u00f6rderung einer umweltgerechten Politik beinhaltet das Schaffen lebenswerter Grundlagen f\u00fcr uns und folgende Generationen durch<\/p>\n<ul>\n<li>qualitative statt quantitative Produktion<\/li>\n<li>Stabilisierung des Energieverbrauchs<\/li>\n<li>Kreislaufwirtschaft<\/li>\n<li>Schonung und gerechte Verteilung der nat\u00fcrlichen Rohstoffe<\/li>\n<li>F\u00f6rderung von Alternativtechnologien.<\/li>\n<\/ul>\n<p>Die \u00d6kogruppe informiert die Bev\u00f6lkerung \u00fcber umweltgerechte Politik und unterst\u00fctzt Initiativen, Organisationen, Politiker und Politikerinnen, die gleiche Ziele verfolgen. Die \u00d6kogruppe arbeitet grunds\u00e4tzlich im Sinne einer vermehrten Mitsprache der Bev\u00f6lkerung in der Gesellschaft und Wirtschaft und k\u00e4mpft gegen die Einschr\u00e4nkung demokratischer Rechte.<\/p>\n<h4><strong>Art. 2\u00a0\u00a0\u00a0\u00a0\u00a0\u00a0\u00a0\u00a0\u00a0 Mitgliedschaft<\/strong><\/h4>\n<p>Alle, die sich f\u00fcr die Vereinsziele interessieren und bereit sind, daf\u00fcr etwas zu tun, k\u00f6nnen Mitglieder werden. Der Austritt ist jederzeit m\u00f6glich<\/p>\n<h4><strong>Art. 3 \u00a0 \u00a0 \u00a0 \u00a0\u00a0 Finanzierung<\/strong><\/h4>\n<p>Die Finanzierung erfolgt durch Mitgliederbeitr\u00e4ge und Spenden.<\/p>\n<h4><strong>Art. 4 \u00a0 \u00a0 \u00a0 \u00a0\u00a0 Sitzungen<\/strong><\/h4>\n<p>Sitzungen k\u00f6nnen bei Bedarf von jedem Mitglied einberufen werden.Ein Sitzungstermin muss m\u00f6glichst eine Woche vorher allen Mitgliedern bekanntgegeben werden.<br \/>\nEine Versammlung ist immer beschlussf\u00e4hig.<br \/>\nJede Sitzung wird protokolliert.<\/p>\n<h4><strong>Art. 5 \u00a0 \u00a0 \u00a0 \u00a0\u00a0 Vertretung<\/strong><\/h4>\n<p>Jedes Mitglied ist berechtig \u2013 nach vorheriger Besprechung an einer Sitzung \u2013 den Verein nach aussen hin mit dem Vereinsnamen und seiner Unterschrift zu vertreten.<\/p>\n<h4><strong>Art. 6\u00a0 \u00a0\u00a0\u00a0\u00a0\u00a0\u00a0\u00a0 Aufl\u00f6sung<\/strong><\/h4>\n<p>Der Verein kann jederzeit aufgel\u00f6st werden. Zur Aufl\u00f6sung ist eine 2\/3 Mehrheit notwendig.<\/p>\n<p>\u00dcber das Vereinsverm\u00f6gen wird an der Aufl\u00f6sungsversammlung beschlossen.<\/p>\n<p>&nbsp;<\/p>\n<p>G\u00fcmmenen, 19. Januar 1997<\/p>\n<p>&nbsp;<\/p>\n<p><em><a href=\"http:\/\/www.oeko-gruppe-laupen.ch\/wordpress\/wp-content\/uploads\/2011\/01\/Statuten.pdf\">Statuten<\/a> in PDF Format<\/em> <a href=\"http:\/\/www.oeko-gruppe-laupen.ch\/wordpress\/wp-content\/uploads\/2011\/01\/Statuten.pdf\"><img loading=\"lazy\" decoding=\"async\" class=\"alignright size-full wp-image-189\" style=\"border: 0pt none;\" title=\"pdf\" alt=\"\" src=\"http:\/\/www.oeko-gruppe-laupen.ch\/wordpress\/wp-content\/uploads\/2011\/01\/pdf.jpg\" width=\"40\" height=\"40\" \/><\/a><\/p>\n","protected":false},"excerpt":{"rendered":"<p>Art.1 \u00a0 \u00a0 \u00a0 \u00a0 \u00a0 Name, Ort, Zweck Unter dem Namen \u201e\u00d6kogruppe Laupen und Umgebung\u201c besteht im Amt Laupen auf unbestimmte Zeit ein Verein nach ZGB. Die \u00d6kogruppe beurteilt das politische und wirtschaftliche Geschehen nach der Frage, ob dieses der Umwelt gerecht wird. Die F\u00f6rderung einer umweltgerechten Politik beinhaltet [&hellip;]<\/p>\n","protected":false},"author":2,"featured_media":0,"parent":212,"menu_order":0,"comment_status":"closed","ping_status":"closed","template":"","meta":{"footnotes":""},"categories":[26],"tags":[],"class_list":["post-45","page","type-page","status-publish","hentry","category-verein"],"_links":{"self":[{"href":"https:\/\/www.oeko-gruppe-laupen.ch\/index.php?rest_route=\/wp\/v2\/pages\/45","targetHints":{"allow":["GET"]}}],"collection":[{"href":"https:\/\/www.oeko-gruppe-laupen.ch\/index.php?rest_route=\/wp\/v2\/pages"}],"about":[{"href":"https:\/\/www.oeko-gruppe-laupen.ch\/index.php?rest_route=\/wp\/v2\/types\/page"}],"author":[{"embeddable":true,"href":"https:\/\/www.oeko-gruppe-laupen.ch\/index.php?rest_route=\/wp\/v2\/users\/2"}],"replies":[{"embeddable":true,"href":"https:\/\/www.oeko-gruppe-laupen.ch\/index.php?rest_route=%2Fwp%2Fv2%2Fcomments&post=45"}],"version-history":[{"count":17,"href":"https:\/\/www.oeko-gruppe-laupen.ch\/index.php?rest_route=\/wp\/v2\/pages\/45\/revisions"}],"predecessor-version":[{"id":736,"href":"https:\/\/www.oeko-gruppe-laupen.ch\/index.php?rest_route=\/wp\/v2\/pages\/45\/revisions\/736"}],"up":[{"embeddable":true,"href":"https:\/\/www.oeko-gruppe-laupen.ch\/index.php?rest_route=\/wp\/v2\/pages\/212"}],"wp:attachment":[{"href":"https:\/\/www.oeko-gruppe-laupen.ch\/index.php?rest_route=%2Fwp%2Fv2%2Fmedia&parent=45"}],"wp:term":[{"taxonomy":"category","embeddable":true,"href":"https:\/\/www.oeko-gruppe-laupen.ch\/index.php?rest_route=%2Fwp%2Fv2%2Fcategories&post=45"},{"taxonomy":"post_tag","embeddable":true,"href":"https:\/\/www.oeko-gruppe-laupen.ch\/index.php?rest_route=%2Fwp%2Fv2%2Ftags&post=45"}],"curies":[{"name":"wp","href":"https:\/\/api.w.org\/{rel}","templated":true}]}}