{"id":932,"date":"2015-06-03T10:55:04","date_gmt":"2015-06-03T09:55:04","guid":{"rendered":"http:\/\/www.oeko-gruppe-laupen.ch\/?page_id=932"},"modified":"2025-02-08T14:52:20","modified_gmt":"2025-02-08T13:52:20","slug":"alarmierung-per-e-mail-und-sms","status":"publish","type":"page","link":"https:\/\/www.oeko-gruppe-laupen.ch\/?page_id=932","title":{"rendered":"Radioaktivit\u00e4tsalarm"},"content":{"rendered":"<p>In der n\u00e4heren Umgebung jedes Schweizer AKWs sind je etwa ein Dutzend Messstationen platziert, welche alle 10 Minuten die Radioaktivit\u00e4t messen. Das ENSI betreibt diese Messsonden und publiziert die Daten auf dem Web, l\u00f6scht sie aber nach 30 Tagen wieder.<\/p>\n<p>Wir speichern diese Daten \u00fcber Jahre und erm\u00f6glichen Ihnen zus\u00e4tzlich, dass Sie bei hohen Werten sofort per E-Mail oder SMS informiert werden.<\/p>\n<p>Zum Alarm-Server &#8220;Radiation&#8221;: <a href=\"https:\/\/alarmweb.oeko-gruppe-laupen.ch\">https:\/\/alarmweb.oeko-gruppe-laupen.ch<\/a><\/p>\n\n\n<p><\/p>\n","protected":false},"excerpt":{"rendered":"<p>In der n\u00e4heren Umgebung jedes Schweizer AKWs sind je etwa ein Dutzend Messstationen platziert, welche alle 10 Minuten die Radioaktivit\u00e4t messen. Das ENSI betreibt diese Messsonden und publiziert die Daten auf dem Web, l\u00f6scht sie aber nach 30 Tagen wieder. Wir speichern diese Daten \u00fcber Jahre und erm\u00f6glichen Ihnen zus\u00e4tzlich, [&hellip;]<\/p>\n","protected":false},"author":2,"featured_media":0,"parent":0,"menu_order":0,"comment_status":"closed","ping_status":"closed","template":"","meta":{"footnotes":""},"categories":[4],"tags":[],"class_list":["post-932","page","type-page","status-publish","hentry","category-akwnein"],"_links":{"self":[{"href":"https:\/\/www.oeko-gruppe-laupen.ch\/index.php?rest_route=\/wp\/v2\/pages\/932","targetHints":{"allow":["GET"]}}],"collection":[{"href":"https:\/\/www.oeko-gruppe-laupen.ch\/index.php?rest_route=\/wp\/v2\/pages"}],"about":[{"href":"https:\/\/www.oeko-gruppe-laupen.ch\/index.php?rest_route=\/wp\/v2\/types\/page"}],"author":[{"embeddable":true,"href":"https:\/\/www.oeko-gruppe-laupen.ch\/index.php?rest_route=\/wp\/v2\/users\/2"}],"replies":[{"embeddable":true,"href":"https:\/\/www.oeko-gruppe-laupen.ch\/index.php?rest_route=%2Fwp%2Fv2%2Fcomments&post=932"}],"version-history":[{"count":8,"href":"https:\/\/www.oeko-gruppe-laupen.ch\/index.php?rest_route=\/wp\/v2\/pages\/932\/revisions"}],"predecessor-version":[{"id":1370,"href":"https:\/\/www.oeko-gruppe-laupen.ch\/index.php?rest_route=\/wp\/v2\/pages\/932\/revisions\/1370"}],"wp:attachment":[{"href":"https:\/\/www.oeko-gruppe-laupen.ch\/index.php?rest_route=%2Fwp%2Fv2%2Fmedia&parent=932"}],"wp:term":[{"taxonomy":"category","embeddable":true,"href":"https:\/\/www.oeko-gruppe-laupen.ch\/index.php?rest_route=%2Fwp%2Fv2%2Fcategories&post=932"},{"taxonomy":"post_tag","embeddable":true,"href":"https:\/\/www.oeko-gruppe-laupen.ch\/index.php?rest_route=%2Fwp%2Fv2%2Ftags&post=932"}],"curies":[{"name":"wp","href":"https:\/\/api.w.org\/{rel}","templated":true}]}}